{"id":284,"date":"2023-04-18T17:33:12","date_gmt":"2023-04-18T16:33:12","guid":{"rendered":"https:\/\/corponagroup.sk\/?page_id=284"},"modified":"2023-04-18T17:51:59","modified_gmt":"2023-04-18T16:51:59","slug":"projects","status":"publish","type":"page","link":"https:\/\/corponagroup.sk\/en\/projects\/","title":{"rendered":"Our projects"},"content":{"rendered":"See all our projects.","protected":false},"excerpt":{"rendered":"<p>See all our projects.<\/p>\n","protected":false},"author":1,"featured_media":211,"parent":0,"menu_order":0,"comment_status":"closed","ping_status":"closed","template":"template-1.php","meta":{"inline_featured_image":false,"footnotes":""},"class_list":["post-284","page","type-page","status-publish","has-post-thumbnail","hentry","entry"],"yoast_head":"<!-- This site is optimized with the Yoast SEO plugin v20.5 - https:\/\/yoast.com\/wordpress\/plugins\/seo\/ -->\n<title>Our projects | Corpona Group<\/title>\n<meta name=\"robots\" content=\"index, follow, max-snippet:-1, max-image-preview:large, max-video-preview:-1\" \/>\n<link rel=\"canonical\" href=\"https:\/\/corponagroup.sk\/en\/projects\/\" \/>\n<meta property=\"og:locale\" content=\"en_US\" \/>\n<meta property=\"og:type\" content=\"article\" \/>\n<meta property=\"og:title\" content=\"Our projects | Corpona Group\" \/>\n<meta property=\"og:description\" content=\"See all our projects.\" \/>\n<meta property=\"og:url\" content=\"https:\/\/corponagroup.sk\/en\/projects\/\" \/>\n<meta property=\"og:site_name\" content=\"Corpona Group\" \/>\n<meta property=\"article:modified_time\" content=\"2023-04-18T16:51:59+00:00\" \/>\n<meta property=\"og:image\" content=\"https:\/\/corponagroup.sk\/wp-content\/uploads\/2023\/03\/image-2-bjornsonka.jpg\" \/>\n\t<meta property=\"og:image:width\" content=\"1980\" \/>\n\t<meta property=\"og:image:height\" content=\"1315\" \/>\n\t<meta property=\"og:image:type\" content=\"image\/jpeg\" \/>\n<meta name=\"twitter:card\" content=\"summary_large_image\" \/>\n<script type=\"application\/ld+json\" class=\"yoast-schema-graph\">{\"@context\":\"https:\/\/schema.org\",\"@graph\":[{\"@type\":\"WebPage\",\"@id\":\"https:\/\/corponagroup.sk\/en\/projects\/\",\"url\":\"https:\/\/corponagroup.sk\/en\/projects\/\",\"name\":\"Our projects | Corpona Group\",\"isPartOf\":{\"@id\":\"https:\/\/corponagroup.sk\/#website\"},\"datePublished\":\"2023-04-18T16:33:12+00:00\",\"dateModified\":\"2023-04-18T16:51:59+00:00\",\"breadcrumb\":{\"@id\":\"https:\/\/corponagroup.sk\/en\/projects\/#breadcrumb\"},\"inLanguage\":\"en-US\",\"potentialAction\":[{\"@type\":\"ReadAction\",\"target\":[\"https:\/\/corponagroup.sk\/en\/projects\/\"]}]},{\"@type\":\"BreadcrumbList\",\"@id\":\"https:\/\/corponagroup.sk\/en\/projects\/#breadcrumb\",\"itemListElement\":[{\"@type\":\"ListItem\",\"position\":1,\"name\":\"Domovsk\u00e1 str\u00e1nka\",\"item\":\"https:\/\/corponagroup.sk\/\"},{\"@type\":\"ListItem\",\"position\":2,\"name\":\"Our projects\"}]},{\"@type\":\"WebSite\",\"@id\":\"https:\/\/corponagroup.sk\/#website\",\"url\":\"https:\/\/corponagroup.sk\/\",\"name\":\"Corpona Group\",\"description\":\"Investujeme do slovensk\u00fdch spolo\u010dnost\u00ed\",\"publisher\":{\"@id\":\"https:\/\/corponagroup.sk\/#organization\"},\"potentialAction\":[{\"@type\":\"SearchAction\",\"target\":{\"@type\":\"EntryPoint\",\"urlTemplate\":\"https:\/\/corponagroup.sk\/?s={search_term_string}\"},\"query-input\":\"required name=search_term_string\"}],\"inLanguage\":\"en-US\"},{\"@type\":\"Organization\",\"@id\":\"https:\/\/corponagroup.sk\/#organization\",\"name\":\"Corpona Group\",\"url\":\"https:\/\/corponagroup.sk\/\",\"logo\":{\"@type\":\"ImageObject\",\"inLanguage\":\"en-US\",\"@id\":\"https:\/\/corponagroup.sk\/#\/schema\/logo\/image\/\",\"url\":\"https:\/\/corponagroup.sk\/wp-content\/uploads\/2023\/03\/logo-corpona-group.svg\",\"contentUrl\":\"https:\/\/corponagroup.sk\/wp-content\/uploads\/2023\/03\/logo-corpona-group.svg\",\"width\":\"1024\",\"height\":\"1024\",\"caption\":\"Corpona Group\"},\"image\":{\"@id\":\"https:\/\/corponagroup.sk\/#\/schema\/logo\/image\/\"}}]}<\/script>\n<!-- \/ Yoast SEO plugin. -->","yoast_head_json":{"title":"Our projects | Corpona Group","robots":{"index":"index","follow":"follow","max-snippet":"max-snippet:-1","max-image-preview":"max-image-preview:large","max-video-preview":"max-video-preview:-1"},"canonical":"https:\/\/corponagroup.sk\/en\/projects\/","og_locale":"en_US","og_type":"article","og_title":"Our projects | Corpona Group","og_description":"See all our projects.","og_url":"https:\/\/corponagroup.sk\/en\/projects\/","og_site_name":"Corpona Group","article_modified_time":"2023-04-18T16:51:59+00:00","og_image":[{"width":1980,"height":1315,"url":"https:\/\/corponagroup.sk\/wp-content\/uploads\/2023\/03\/image-2-bjornsonka.jpg","type":"image\/jpeg"}],"twitter_card":"summary_large_image","schema":{"@context":"https:\/\/schema.org","@graph":[{"@type":"WebPage","@id":"https:\/\/corponagroup.sk\/en\/projects\/","url":"https:\/\/corponagroup.sk\/en\/projects\/","name":"Our projects | Corpona Group","isPartOf":{"@id":"https:\/\/corponagroup.sk\/#website"},"datePublished":"2023-04-18T16:33:12+00:00","dateModified":"2023-04-18T16:51:59+00:00","breadcrumb":{"@id":"https:\/\/corponagroup.sk\/en\/projects\/#breadcrumb"},"inLanguage":"en-US","potentialAction":[{"@type":"ReadAction","target":["https:\/\/corponagroup.sk\/en\/projects\/"]}]},{"@type":"BreadcrumbList","@id":"https:\/\/corponagroup.sk\/en\/projects\/#breadcrumb","itemListElement":[{"@type":"ListItem","position":1,"name":"Domovsk\u00e1 str\u00e1nka","item":"https:\/\/corponagroup.sk\/"},{"@type":"ListItem","position":2,"name":"Our projects"}]},{"@type":"WebSite","@id":"https:\/\/corponagroup.sk\/#website","url":"https:\/\/corponagroup.sk\/","name":"Corpona Group","description":"Investujeme do slovensk\u00fdch spolo\u010dnost\u00ed","publisher":{"@id":"https:\/\/corponagroup.sk\/#organization"},"potentialAction":[{"@type":"SearchAction","target":{"@type":"EntryPoint","urlTemplate":"https:\/\/corponagroup.sk\/?s={search_term_string}"},"query-input":"required name=search_term_string"}],"inLanguage":"en-US"},{"@type":"Organization","@id":"https:\/\/corponagroup.sk\/#organization","name":"Corpona Group","url":"https:\/\/corponagroup.sk\/","logo":{"@type":"ImageObject","inLanguage":"en-US","@id":"https:\/\/corponagroup.sk\/#\/schema\/logo\/image\/","url":"https:\/\/corponagroup.sk\/wp-content\/uploads\/2023\/03\/logo-corpona-group.svg","contentUrl":"https:\/\/corponagroup.sk\/wp-content\/uploads\/2023\/03\/logo-corpona-group.svg","width":"1024","height":"1024","caption":"Corpona Group"},"image":{"@id":"https:\/\/corponagroup.sk\/#\/schema\/logo\/image\/"}}]}},"_links":{"self":[{"href":"https:\/\/corponagroup.sk\/en\/wp-json\/wp\/v2\/pages\/284","targetHints":{"allow":["GET"]}}],"collection":[{"href":"https:\/\/corponagroup.sk\/en\/wp-json\/wp\/v2\/pages"}],"about":[{"href":"https:\/\/corponagroup.sk\/en\/wp-json\/wp\/v2\/types\/page"}],"author":[{"embeddable":true,"href":"https:\/\/corponagroup.sk\/en\/wp-json\/wp\/v2\/users\/1"}],"replies":[{"embeddable":true,"href":"https:\/\/corponagroup.sk\/en\/wp-json\/wp\/v2\/comments?post=284"}],"version-history":[{"count":1,"href":"https:\/\/corponagroup.sk\/en\/wp-json\/wp\/v2\/pages\/284\/revisions"}],"predecessor-version":[{"id":285,"href":"https:\/\/corponagroup.sk\/en\/wp-json\/wp\/v2\/pages\/284\/revisions\/285"}],"wp:featuredmedia":[{"embeddable":true,"href":"https:\/\/corponagroup.sk\/en\/wp-json\/wp\/v2\/media\/211"}],"wp:attachment":[{"href":"https:\/\/corponagroup.sk\/en\/wp-json\/wp\/v2\/media?parent=284"}],"curies":[{"name":"wp","href":"https:\/\/api.w.org\/{rel}","templated":true}]}}