{"id":297,"date":"2023-03-16T20:44:41","date_gmt":"2023-03-16T20:44:41","guid":{"rendered":"https:\/\/corponagroup.sk\/o-nas\/"},"modified":"2023-04-18T19:54:15","modified_gmt":"2023-04-18T18:54:15","slug":"about-us","status":"publish","type":"page","link":"https:\/\/corponagroup.sk\/en\/about-us\/","title":{"rendered":"About us"},"content":{"rendered":"<div class=\"hero\">\r\n\r\n\t\r\n<br><br>\t\r\n<h1>We are investors\r\n<\/h1>\r\n<h2><strong>CORPONA GROUP is a private equity and investment group operating primarily in the field of property\r\ndevelopment, facility management, the hotel industry and small-scale manufacturing.<\/strong><br><br>The group started its operation more than a decade ago in the cleaning and facility management segment, gradually expanding its field of activities to include the HORECA segment, and now it operates in the field of\r\naccommodation services, including a special segment of boat and caravan rentals.<br><br>It employs more than three thousand people in its portfolio companies.<\/h2>\r\n\r\n\r\n\r\n\r\n<video class=\"after-video\" preload=\"auto\" autoplay=\"\" loop=\"\" muted=\"\" playsinline=\"\">\r\n<source src=\"https:\/\/corponagroup.sk\/wp-content\/uploads\/2023\/03\/ccko-o.mp4\" type=\"video\/mp4\">\r\n<\/video>\r\n\r\n\t<video class=\"after-video-2\" preload=\"auto\" autoplay=\"\" loop=\"\" muted=\"\" playsinline=\"\" style=\"display:none\">\r\n<source src=\"https:\/\/corponagroup.sk\/wp-content\/uploads\/2023\/03\/cko-biele-ooo.mp4\" type=\"video\/mp4\">\r\n<\/video>\r\n\r\n\r\n\r\n<\/div>\r\n\r\n\r\n<div class=\"hero\">\r\n<h1>Your partner<\/h1>\r\n<h2>CORPONA GROUP is a strategic company continuously looking for new investment opportunities both in the\r\nabove-mentioned areas of activity and in new segments. The company is ready to enter into new projects as a\r\npartner or investor.<\/h2>\r\n<\/div>\r\n\r\n\r\n\r\n<div id=\"co2\" >\r\n<div id=\"counters\" style=\"\">\r\n<h2>CORPONA GROUP<br> in numbers<\/h2>\r\n<div id=\"numbers\">\r\n  <div class=\"count1\">\r\n<span class=\"ncopy\">The group started its activity more than<\/span>\r\n  <span class=\"fig-number\">10<\/span>\r\n<span class=\"ncopy\">years ago<\/span>\r\n  <\/div>\r\n    <div class=\"count1\">\r\n<span class=\"ncopy\">In its portfolio companies, it employs more than<\/span>\r\n  <span class=\"fig-number\">3000<\/span>\r\n<span class=\"ncopy\">people<\/span>\r\n  <\/div>\r\n<\/div>\r\n\t\r\n<\/div>\r\n<\/div>","protected":false},"excerpt":{"rendered":"<p>We are investors CORPONA GROUP is a private equity and investment group operating primarily in the field of property development, facility management, the hotel industry and small-scale manufacturing.The group started its operation more than a decade ago in the cleaning and facility management segment, gradually expanding its field of activities to include the HORECA segment,&hellip; <a class=\"more-link\" href=\"https:\/\/corponagroup.sk\/en\/about-us\/\">Continue reading <span class=\"screen-reader-text\">About us<\/span><\/a><\/p>\n","protected":false},"author":1,"featured_media":0,"parent":0,"menu_order":0,"comment_status":"closed","ping_status":"closed","template":"","meta":{"inline_featured_image":false,"footnotes":""},"class_list":["post-297","page","type-page","status-publish","hentry","entry"],"yoast_head":"<!-- This site is optimized with the Yoast SEO plugin v20.5 - https:\/\/yoast.com\/wordpress\/plugins\/seo\/ -->\n<title>About us | Corpona Group<\/title>\n<meta name=\"robots\" content=\"index, follow, max-snippet:-1, max-image-preview:large, max-video-preview:-1\" \/>\n<link rel=\"canonical\" href=\"https:\/\/corponagroup.sk\/en\/about-us\/\" \/>\n<meta property=\"og:locale\" content=\"en_US\" \/>\n<meta property=\"og:type\" content=\"article\" \/>\n<meta property=\"og:title\" content=\"About us | Corpona Group\" \/>\n<meta property=\"og:description\" content=\"We are investors CORPONA GROUP is a private equity and investment group operating primarily in the field of property development, facility management, the hotel industry and small-scale manufacturing.The group started its operation more than a decade ago in the cleaning and facility management segment, gradually expanding its field of activities to include the HORECA segment,&hellip; Continue reading About us\" \/>\n<meta property=\"og:url\" content=\"https:\/\/corponagroup.sk\/en\/about-us\/\" \/>\n<meta property=\"og:site_name\" content=\"Corpona Group\" \/>\n<meta property=\"article:modified_time\" content=\"2023-04-18T18:54:15+00:00\" \/>\n<meta property=\"og:image\" content=\"https:\/\/corponagroup.sk\/wp-content\/uploads\/2023\/03\/tree-houses-bjonrson-hotel-1-scaled.jpeg\" \/>\n\t<meta property=\"og:image:width\" content=\"2560\" \/>\n\t<meta property=\"og:image:height\" content=\"1709\" \/>\n\t<meta property=\"og:image:type\" content=\"image\/jpeg\" \/>\n<meta name=\"twitter:card\" content=\"summary_large_image\" \/>\n<meta name=\"twitter:label1\" content=\"Est. reading time\" \/>\n\t<meta name=\"twitter:data1\" content=\"1 minute\" \/>\n<script type=\"application\/ld+json\" class=\"yoast-schema-graph\">{\"@context\":\"https:\/\/schema.org\",\"@graph\":[{\"@type\":\"WebPage\",\"@id\":\"https:\/\/corponagroup.sk\/en\/about-us\/\",\"url\":\"https:\/\/corponagroup.sk\/en\/about-us\/\",\"name\":\"About us | Corpona Group\",\"isPartOf\":{\"@id\":\"https:\/\/corponagroup.sk\/#website\"},\"datePublished\":\"2023-03-16T20:44:41+00:00\",\"dateModified\":\"2023-04-18T18:54:15+00:00\",\"breadcrumb\":{\"@id\":\"https:\/\/corponagroup.sk\/en\/about-us\/#breadcrumb\"},\"inLanguage\":\"en-US\",\"potentialAction\":[{\"@type\":\"ReadAction\",\"target\":[\"https:\/\/corponagroup.sk\/en\/about-us\/\"]}]},{\"@type\":\"BreadcrumbList\",\"@id\":\"https:\/\/corponagroup.sk\/en\/about-us\/#breadcrumb\",\"itemListElement\":[{\"@type\":\"ListItem\",\"position\":1,\"name\":\"Domovsk\u00e1 str\u00e1nka\",\"item\":\"https:\/\/corponagroup.sk\/\"},{\"@type\":\"ListItem\",\"position\":2,\"name\":\"About us\"}]},{\"@type\":\"WebSite\",\"@id\":\"https:\/\/corponagroup.sk\/#website\",\"url\":\"https:\/\/corponagroup.sk\/\",\"name\":\"Corpona Group\",\"description\":\"Investujeme do slovensk\u00fdch spolo\u010dnost\u00ed\",\"publisher\":{\"@id\":\"https:\/\/corponagroup.sk\/#organization\"},\"potentialAction\":[{\"@type\":\"SearchAction\",\"target\":{\"@type\":\"EntryPoint\",\"urlTemplate\":\"https:\/\/corponagroup.sk\/?s={search_term_string}\"},\"query-input\":\"required name=search_term_string\"}],\"inLanguage\":\"en-US\"},{\"@type\":\"Organization\",\"@id\":\"https:\/\/corponagroup.sk\/#organization\",\"name\":\"Corpona Group\",\"url\":\"https:\/\/corponagroup.sk\/\",\"logo\":{\"@type\":\"ImageObject\",\"inLanguage\":\"en-US\",\"@id\":\"https:\/\/corponagroup.sk\/#\/schema\/logo\/image\/\",\"url\":\"https:\/\/corponagroup.sk\/wp-content\/uploads\/2023\/03\/logo-corpona-group.svg\",\"contentUrl\":\"https:\/\/corponagroup.sk\/wp-content\/uploads\/2023\/03\/logo-corpona-group.svg\",\"width\":\"1024\",\"height\":\"1024\",\"caption\":\"Corpona Group\"},\"image\":{\"@id\":\"https:\/\/corponagroup.sk\/#\/schema\/logo\/image\/\"}}]}<\/script>\n<!-- \/ Yoast SEO plugin. -->","yoast_head_json":{"title":"About us | Corpona Group","robots":{"index":"index","follow":"follow","max-snippet":"max-snippet:-1","max-image-preview":"max-image-preview:large","max-video-preview":"max-video-preview:-1"},"canonical":"https:\/\/corponagroup.sk\/en\/about-us\/","og_locale":"en_US","og_type":"article","og_title":"About us | Corpona Group","og_description":"We are investors CORPONA GROUP is a private equity and investment group operating primarily in the field of property development, facility management, the hotel industry and small-scale manufacturing.The group started its operation more than a decade ago in the cleaning and facility management segment, gradually expanding its field of activities to include the HORECA segment,&hellip; Continue reading About us","og_url":"https:\/\/corponagroup.sk\/en\/about-us\/","og_site_name":"Corpona Group","article_modified_time":"2023-04-18T18:54:15+00:00","og_image":[{"width":2560,"height":1709,"url":"https:\/\/corponagroup.sk\/wp-content\/uploads\/2023\/03\/tree-houses-bjonrson-hotel-1-scaled.jpeg","type":"image\/jpeg"}],"twitter_card":"summary_large_image","twitter_misc":{"Est. reading time":"1 minute"},"schema":{"@context":"https:\/\/schema.org","@graph":[{"@type":"WebPage","@id":"https:\/\/corponagroup.sk\/en\/about-us\/","url":"https:\/\/corponagroup.sk\/en\/about-us\/","name":"About us | Corpona Group","isPartOf":{"@id":"https:\/\/corponagroup.sk\/#website"},"datePublished":"2023-03-16T20:44:41+00:00","dateModified":"2023-04-18T18:54:15+00:00","breadcrumb":{"@id":"https:\/\/corponagroup.sk\/en\/about-us\/#breadcrumb"},"inLanguage":"en-US","potentialAction":[{"@type":"ReadAction","target":["https:\/\/corponagroup.sk\/en\/about-us\/"]}]},{"@type":"BreadcrumbList","@id":"https:\/\/corponagroup.sk\/en\/about-us\/#breadcrumb","itemListElement":[{"@type":"ListItem","position":1,"name":"Domovsk\u00e1 str\u00e1nka","item":"https:\/\/corponagroup.sk\/"},{"@type":"ListItem","position":2,"name":"About us"}]},{"@type":"WebSite","@id":"https:\/\/corponagroup.sk\/#website","url":"https:\/\/corponagroup.sk\/","name":"Corpona Group","description":"Investujeme do slovensk\u00fdch spolo\u010dnost\u00ed","publisher":{"@id":"https:\/\/corponagroup.sk\/#organization"},"potentialAction":[{"@type":"SearchAction","target":{"@type":"EntryPoint","urlTemplate":"https:\/\/corponagroup.sk\/?s={search_term_string}"},"query-input":"required name=search_term_string"}],"inLanguage":"en-US"},{"@type":"Organization","@id":"https:\/\/corponagroup.sk\/#organization","name":"Corpona Group","url":"https:\/\/corponagroup.sk\/","logo":{"@type":"ImageObject","inLanguage":"en-US","@id":"https:\/\/corponagroup.sk\/#\/schema\/logo\/image\/","url":"https:\/\/corponagroup.sk\/wp-content\/uploads\/2023\/03\/logo-corpona-group.svg","contentUrl":"https:\/\/corponagroup.sk\/wp-content\/uploads\/2023\/03\/logo-corpona-group.svg","width":"1024","height":"1024","caption":"Corpona Group"},"image":{"@id":"https:\/\/corponagroup.sk\/#\/schema\/logo\/image\/"}}]}},"_links":{"self":[{"href":"https:\/\/corponagroup.sk\/en\/wp-json\/wp\/v2\/pages\/297","targetHints":{"allow":["GET"]}}],"collection":[{"href":"https:\/\/corponagroup.sk\/en\/wp-json\/wp\/v2\/pages"}],"about":[{"href":"https:\/\/corponagroup.sk\/en\/wp-json\/wp\/v2\/types\/page"}],"author":[{"embeddable":true,"href":"https:\/\/corponagroup.sk\/en\/wp-json\/wp\/v2\/users\/1"}],"replies":[{"embeddable":true,"href":"https:\/\/corponagroup.sk\/en\/wp-json\/wp\/v2\/comments?post=297"}],"version-history":[{"count":2,"href":"https:\/\/corponagroup.sk\/en\/wp-json\/wp\/v2\/pages\/297\/revisions"}],"predecessor-version":[{"id":299,"href":"https:\/\/corponagroup.sk\/en\/wp-json\/wp\/v2\/pages\/297\/revisions\/299"}],"wp:attachment":[{"href":"https:\/\/corponagroup.sk\/en\/wp-json\/wp\/v2\/media?parent=297"}],"curies":[{"name":"wp","href":"https:\/\/api.w.org\/{rel}","templated":true}]}}