{"id":345,"date":"2023-04-19T11:59:17","date_gmt":"2023-04-19T10:59:17","guid":{"rendered":"https:\/\/corponagroup.sk\/?page_id=345"},"modified":"2023-04-19T12:05:03","modified_gmt":"2023-04-19T11:05:03","slug":"privacy-policy","status":"publish","type":"page","link":"https:\/\/corponagroup.sk\/en\/privacy-policy\/","title":{"rendered":"Privacy Policy"},"content":{"rendered":"<div class=\"pp\">\r\n<strong>Privacy Policy<\/strong>\r\nCorpona Group s.r.o. (&#8220;us&#8221;, &#8220;we&#8221;, or &#8220;our&#8221;) operates the https:\/\/corponagroup.sk\/ website (hereinafter referred to as the &#8220;Service&#8221;).\r\n<br><br>\r\nThis page informs you of our policies regarding the collection, use, and disclosure of personal data when you use our Service.\r\n<br><br>\r\nBy using the Service, you agree to the collection and use of information in accordance with this policy. The personal data we collect is used to provide and improve the Service. We will not share or use your information in ways other than as outlined in this policy.\r\n\r\n<strong>Collection and Use of Information<\/strong>\r\n\r\nWhen using our Service, we may ask you to provide certain personal data that can be used to identify or contact you. Personal data may include, but is not limited to:\r\n<br><br>\r\nName and surname<br>\r\nContact information, including email address and phone number<br>\r\nDemographic information, such as address and ZIP code<br><br>\r\n\r\nIn addition to personal data, we may also automatically collect information about how the Service is accessed and used (&#8220;Usage Data&#8221;). This Usage Data may include information such as your computer&#8217;s Internet Protocol address (e.g. IP address), browser type, browser version, the pages of our Service that you visit, the time and date of your visit, the time spent on those pages, device identifiers, and other diagnostic data.\r\n\r\n<strong>Use of Usage Data<\/strong>\r\nWe may use Usage Data to provide and maintain the Service, to identify technical issues, to improve the performance of the Service, and to provide you with a better user experience.\r\n\r\n<strong>Disclosure of Information<\/strong>\r\nWe may disclose personal data and Usage Data to third-party service providers who perform services on our behalf, such as payment processing, data analysis, email delivery, hosting services, customer service, and marketing. We require these service providers to use personal data and Usage Data only for the purpose of providing the services requested by us and to protect the confidentiality and security of the information.\r\n<br><br>\r\nWe may also disclose personal data and Usage Data to comply with applicable laws, regulations, or legal processes, to respond to a subpoena, search warrant, or other lawful request for information we receive, or to otherwise protect our rights.\r\n\r\n<strong>Security<\/strong>\r\nThe security of your personal data is important to us, but no method of transmission over the Internet or method of electronic storage is 100% secure. While we strive to use commercially acceptable means to protect your personal data, we cannot guarantee its absolute security.\r\n\r\n<strong>Links to Other Sites<\/strong>\r\nOur Service may contain links to other sites that are not operated by us. If you click on a third-party link, you will be directed to that third party&#8217;s site. We strongly advise you to review the privacy policy of every site you visit.\r\n<br><br>\r\nWe have no control over and assume no responsibility for the content, privacy policies, or practices of any third-party sites or services.\r\n\r\n<strong>Children&#8217;s Privacy<\/strong>\r\n\r\nOur Service does not address anyone under the age of 18 (&#8220;Children&#8221;). We do not knowingly collect personal data from anyone under the age of 18. If you are a parent or guardian and you are aware that your Children have provided us with personal data, please contact us. If we become aware that we have collected personal data from children without verification of parental consent, we take steps to remove that information from our servers.\r\n\r\n<strong>Changes to This Privacy Policy<\/strong>\r\n\r\nWe may update our privacy policy from time to time. We will notify you of any changes by posting the new privacy policy on this page.\r\n\r\n<strong>Contact Us<\/strong>\r\nIf you have any questions about this privacy policy, please contact us by email at: <a href=\"mailto:\">info@corponagroup.sk<\/a>.\r\n<\/div>","protected":false},"excerpt":{"rendered":"<p>Privacy Policy Corpona Group s.r.o. (&#8220;us&#8221;, &#8220;we&#8221;, or &#8220;our&#8221;) operates the https:\/\/corponagroup.sk\/ website (hereinafter referred to as the &#8220;Service&#8221;). This page informs you of our policies regarding the collection, use, and disclosure of personal data when you use our Service. By using the Service, you agree to the collection and use of information in accordance&hellip; <a class=\"more-link\" href=\"https:\/\/corponagroup.sk\/en\/privacy-policy\/\">Continue reading <span class=\"screen-reader-text\">Privacy Policy<\/span><\/a><\/p>\n","protected":false},"author":1,"featured_media":0,"parent":0,"menu_order":0,"comment_status":"closed","ping_status":"closed","template":"","meta":{"inline_featured_image":false,"footnotes":""},"class_list":["post-345","page","type-page","status-publish","hentry","entry"],"yoast_head":"<!-- This site is optimized with the Yoast SEO plugin v20.5 - https:\/\/yoast.com\/wordpress\/plugins\/seo\/ -->\n<title>Privacy Policy | Corpona Group<\/title>\n<meta name=\"robots\" content=\"index, follow, max-snippet:-1, max-image-preview:large, max-video-preview:-1\" \/>\n<link rel=\"canonical\" href=\"https:\/\/corponagroup.sk\/en\/privacy-policy\/\" \/>\n<meta property=\"og:locale\" content=\"en_US\" \/>\n<meta property=\"og:type\" content=\"article\" \/>\n<meta property=\"og:title\" content=\"Privacy Policy | Corpona Group\" \/>\n<meta property=\"og:description\" content=\"Privacy Policy Corpona Group s.r.o. (&#8220;us&#8221;, &#8220;we&#8221;, or &#8220;our&#8221;) operates the https:\/\/corponagroup.sk\/ website (hereinafter referred to as the &#8220;Service&#8221;). This page informs you of our policies regarding the collection, use, and disclosure of personal data when you use our Service. By using the Service, you agree to the collection and use of information in accordance&hellip; Continue reading Privacy Policy\" \/>\n<meta property=\"og:url\" content=\"https:\/\/corponagroup.sk\/en\/privacy-policy\/\" \/>\n<meta property=\"og:site_name\" content=\"Corpona Group\" \/>\n<meta property=\"article:modified_time\" content=\"2023-04-19T11:05:03+00:00\" \/>\n<meta property=\"og:image\" content=\"https:\/\/corponagroup.sk\/wp-content\/uploads\/2023\/03\/tree-houses-bjonrson-hotel-1-scaled.jpeg\" \/>\n\t<meta property=\"og:image:width\" content=\"2560\" \/>\n\t<meta property=\"og:image:height\" content=\"1709\" \/>\n\t<meta property=\"og:image:type\" content=\"image\/jpeg\" \/>\n<meta name=\"twitter:card\" content=\"summary_large_image\" \/>\n<meta name=\"twitter:label1\" content=\"Est. reading time\" \/>\n\t<meta name=\"twitter:data1\" content=\"4 minutes\" \/>\n<script type=\"application\/ld+json\" class=\"yoast-schema-graph\">{\"@context\":\"https:\/\/schema.org\",\"@graph\":[{\"@type\":\"WebPage\",\"@id\":\"https:\/\/corponagroup.sk\/en\/privacy-policy\/\",\"url\":\"https:\/\/corponagroup.sk\/en\/privacy-policy\/\",\"name\":\"Privacy Policy | Corpona Group\",\"isPartOf\":{\"@id\":\"https:\/\/corponagroup.sk\/#website\"},\"datePublished\":\"2023-04-19T10:59:17+00:00\",\"dateModified\":\"2023-04-19T11:05:03+00:00\",\"breadcrumb\":{\"@id\":\"https:\/\/corponagroup.sk\/en\/privacy-policy\/#breadcrumb\"},\"inLanguage\":\"en-US\",\"potentialAction\":[{\"@type\":\"ReadAction\",\"target\":[\"https:\/\/corponagroup.sk\/en\/privacy-policy\/\"]}]},{\"@type\":\"BreadcrumbList\",\"@id\":\"https:\/\/corponagroup.sk\/en\/privacy-policy\/#breadcrumb\",\"itemListElement\":[{\"@type\":\"ListItem\",\"position\":1,\"name\":\"Domovsk\u00e1 str\u00e1nka\",\"item\":\"https:\/\/corponagroup.sk\/\"},{\"@type\":\"ListItem\",\"position\":2,\"name\":\"Privacy Policy\"}]},{\"@type\":\"WebSite\",\"@id\":\"https:\/\/corponagroup.sk\/#website\",\"url\":\"https:\/\/corponagroup.sk\/\",\"name\":\"Corpona Group\",\"description\":\"Investujeme do slovensk\u00fdch spolo\u010dnost\u00ed\",\"publisher\":{\"@id\":\"https:\/\/corponagroup.sk\/#organization\"},\"potentialAction\":[{\"@type\":\"SearchAction\",\"target\":{\"@type\":\"EntryPoint\",\"urlTemplate\":\"https:\/\/corponagroup.sk\/?s={search_term_string}\"},\"query-input\":\"required name=search_term_string\"}],\"inLanguage\":\"en-US\"},{\"@type\":\"Organization\",\"@id\":\"https:\/\/corponagroup.sk\/#organization\",\"name\":\"Corpona Group\",\"url\":\"https:\/\/corponagroup.sk\/\",\"logo\":{\"@type\":\"ImageObject\",\"inLanguage\":\"en-US\",\"@id\":\"https:\/\/corponagroup.sk\/#\/schema\/logo\/image\/\",\"url\":\"https:\/\/corponagroup.sk\/wp-content\/uploads\/2023\/03\/logo-corpona-group.svg\",\"contentUrl\":\"https:\/\/corponagroup.sk\/wp-content\/uploads\/2023\/03\/logo-corpona-group.svg\",\"width\":\"1024\",\"height\":\"1024\",\"caption\":\"Corpona Group\"},\"image\":{\"@id\":\"https:\/\/corponagroup.sk\/#\/schema\/logo\/image\/\"}}]}<\/script>\n<!-- \/ Yoast SEO plugin. -->","yoast_head_json":{"title":"Privacy Policy | Corpona Group","robots":{"index":"index","follow":"follow","max-snippet":"max-snippet:-1","max-image-preview":"max-image-preview:large","max-video-preview":"max-video-preview:-1"},"canonical":"https:\/\/corponagroup.sk\/en\/privacy-policy\/","og_locale":"en_US","og_type":"article","og_title":"Privacy Policy | Corpona Group","og_description":"Privacy Policy Corpona Group s.r.o. (&#8220;us&#8221;, &#8220;we&#8221;, or &#8220;our&#8221;) operates the https:\/\/corponagroup.sk\/ website (hereinafter referred to as the &#8220;Service&#8221;). This page informs you of our policies regarding the collection, use, and disclosure of personal data when you use our Service. By using the Service, you agree to the collection and use of information in accordance&hellip; Continue reading Privacy Policy","og_url":"https:\/\/corponagroup.sk\/en\/privacy-policy\/","og_site_name":"Corpona Group","article_modified_time":"2023-04-19T11:05:03+00:00","og_image":[{"width":2560,"height":1709,"url":"https:\/\/corponagroup.sk\/wp-content\/uploads\/2023\/03\/tree-houses-bjonrson-hotel-1-scaled.jpeg","type":"image\/jpeg"}],"twitter_card":"summary_large_image","twitter_misc":{"Est. reading time":"4 minutes"},"schema":{"@context":"https:\/\/schema.org","@graph":[{"@type":"WebPage","@id":"https:\/\/corponagroup.sk\/en\/privacy-policy\/","url":"https:\/\/corponagroup.sk\/en\/privacy-policy\/","name":"Privacy Policy | Corpona Group","isPartOf":{"@id":"https:\/\/corponagroup.sk\/#website"},"datePublished":"2023-04-19T10:59:17+00:00","dateModified":"2023-04-19T11:05:03+00:00","breadcrumb":{"@id":"https:\/\/corponagroup.sk\/en\/privacy-policy\/#breadcrumb"},"inLanguage":"en-US","potentialAction":[{"@type":"ReadAction","target":["https:\/\/corponagroup.sk\/en\/privacy-policy\/"]}]},{"@type":"BreadcrumbList","@id":"https:\/\/corponagroup.sk\/en\/privacy-policy\/#breadcrumb","itemListElement":[{"@type":"ListItem","position":1,"name":"Domovsk\u00e1 str\u00e1nka","item":"https:\/\/corponagroup.sk\/"},{"@type":"ListItem","position":2,"name":"Privacy Policy"}]},{"@type":"WebSite","@id":"https:\/\/corponagroup.sk\/#website","url":"https:\/\/corponagroup.sk\/","name":"Corpona Group","description":"Investujeme do slovensk\u00fdch spolo\u010dnost\u00ed","publisher":{"@id":"https:\/\/corponagroup.sk\/#organization"},"potentialAction":[{"@type":"SearchAction","target":{"@type":"EntryPoint","urlTemplate":"https:\/\/corponagroup.sk\/?s={search_term_string}"},"query-input":"required name=search_term_string"}],"inLanguage":"en-US"},{"@type":"Organization","@id":"https:\/\/corponagroup.sk\/#organization","name":"Corpona Group","url":"https:\/\/corponagroup.sk\/","logo":{"@type":"ImageObject","inLanguage":"en-US","@id":"https:\/\/corponagroup.sk\/#\/schema\/logo\/image\/","url":"https:\/\/corponagroup.sk\/wp-content\/uploads\/2023\/03\/logo-corpona-group.svg","contentUrl":"https:\/\/corponagroup.sk\/wp-content\/uploads\/2023\/03\/logo-corpona-group.svg","width":"1024","height":"1024","caption":"Corpona Group"},"image":{"@id":"https:\/\/corponagroup.sk\/#\/schema\/logo\/image\/"}}]}},"_links":{"self":[{"href":"https:\/\/corponagroup.sk\/en\/wp-json\/wp\/v2\/pages\/345","targetHints":{"allow":["GET"]}}],"collection":[{"href":"https:\/\/corponagroup.sk\/en\/wp-json\/wp\/v2\/pages"}],"about":[{"href":"https:\/\/corponagroup.sk\/en\/wp-json\/wp\/v2\/types\/page"}],"author":[{"embeddable":true,"href":"https:\/\/corponagroup.sk\/en\/wp-json\/wp\/v2\/users\/1"}],"replies":[{"embeddable":true,"href":"https:\/\/corponagroup.sk\/en\/wp-json\/wp\/v2\/comments?post=345"}],"version-history":[{"count":4,"href":"https:\/\/corponagroup.sk\/en\/wp-json\/wp\/v2\/pages\/345\/revisions"}],"predecessor-version":[{"id":349,"href":"https:\/\/corponagroup.sk\/en\/wp-json\/wp\/v2\/pages\/345\/revisions\/349"}],"wp:attachment":[{"href":"https:\/\/corponagroup.sk\/en\/wp-json\/wp\/v2\/media?parent=345"}],"curies":[{"name":"wp","href":"https:\/\/api.w.org\/{rel}","templated":true}]}}